{"id":11984,"date":"2023-01-09T11:53:03","date_gmt":"2023-01-09T11:53:03","guid":{"rendered":"https:\/\/admit-one.co.uk\/?page_id=11984"},"modified":"2024-02-22T16:31:18","modified_gmt":"2024-02-22T16:31:18","slug":"back-office","status":"publish","type":"page","link":"https:\/\/admit-one.eu\/ca\/solucions\/back-office\/","title":{"rendered":"Back Office"},"content":{"rendered":"<div id=\"wp-block-themeisle-blocks-advanced-columns-f3534b6f\" class=\"wp-block-themeisle-blocks-advanced-columns has-2-columns has-desktop-twoOne-layout has-tablet-equal-layout has-mobile-collapsedRows-layout has-reverse-columns-mobile has-vertical-unset has-vertical-undefined page-header\"><div class=\"wp-block-themeisle-blocks-advanced-columns-overlay\"><\/div><div class=\"innerblocks-wrap\">\n<div id=\"wp-block-themeisle-blocks-advanced-column-49529f4b\" class=\"wp-block-themeisle-blocks-advanced-column\" data-aos=\"fade\" data-aos-duration=\"1200\">\n<h1 class=\"wp-block-heading\">Back Office<\/h1>\n\n\n\n<p>El vostre sistema de gesti\u00f3 central us permet configurar i visualitzar tots els vostres llocs en una aplicaci\u00f3 f\u00e0cil d&#039;utilitzar. Programeu actuacions, gestioneu l&#039;estoc, feu informes, configureu entrades, gestioneu programes de membres, targetes regal, vals i molt m\u00e9s... mentre us comuniqueu sense esfor\u00e7 amb els vostres empleats.&nbsp;<\/p>\n\n\n\n<div id=\"wp-block-themeisle-blocks-button-group-644da4ec\" class=\"wp-block-themeisle-blocks-button-group wp-block-buttons\">\n<div id=\"wp-block-themeisle-blocks-button-450150d0\" class=\"wp-block-themeisle-blocks-button wp-block-button is-style-primary\"><a href=\"https:\/\/www.admit-one.co.uk\/request-demo\/\" target=\"_self\" rel=\"noopener noreferrer\" class=\"wp-block-button__link\"><span>Demana una demostraci\u00f3 <\/span><\/a><\/div>\n<\/div>\n<\/div>\n\n\n\n<div id=\"wp-block-themeisle-blocks-advanced-column-27c8e090\" class=\"wp-block-themeisle-blocks-advanced-column\" data-aos=\"fade-up\" data-aos-duration=\"1200\"><div class=\"wp-block-image is-style-default\">\n<figure class=\"aligncenter size-full\"><img decoding=\"async\" loading=\"lazy\" width=\"400\" height=\"400\" src=\"https:\/\/admit-one.co.uk\/wp-content\/uploads\/2023\/01\/image_local-and-ho_result.webp\" alt=\"Back Office\" class=\"wp-image-12263\" srcset=\"https:\/\/admit-one.eu\/wp-content\/uploads\/2023\/01\/image_local-and-ho_result.webp 400w, https:\/\/admit-one.eu\/wp-content\/uploads\/2023\/01\/image_local-and-ho_result-300x300.webp 300w, https:\/\/admit-one.eu\/wp-content\/uploads\/2023\/01\/image_local-and-ho_result-150x150.webp 150w, https:\/\/admit-one.eu\/wp-content\/uploads\/2023\/01\/image_local-and-ho_result-12x12.webp 12w\" sizes=\"(max-width: 400px) 100vw, 400px\" \/><\/figure><\/div><\/div>\n<\/div><\/div>\n\n\n\n<div id=\"wp-block-themeisle-blocks-advanced-columns-2074d916\" class=\"wp-block-themeisle-blocks-advanced-columns has-2-columns has-desktop-equal-layout has-tablet-equal-layout has-mobile-collapsedRows-layout has-vertical-unset feature-block\"><div class=\"wp-block-themeisle-blocks-advanced-columns-overlay\"><\/div><div class=\"innerblocks-wrap\">\n<div id=\"wp-block-themeisle-blocks-advanced-column-945ee192\" class=\"wp-block-themeisle-blocks-advanced-column\" data-aos=\"fade-right\" data-aos-duration=\"1200\"><div class=\"wp-block-image is-style-default\">\n<figure class=\"alignleft size-full\"><img decoding=\"async\" loading=\"lazy\" width=\"600\" height=\"600\" src=\"https:\/\/admit-one.co.uk\/wp-content\/uploads\/2023\/01\/products_local-and-ho_stock_result.webp\" alt=\"Gesti\u00f3 d&#039;estocs\" class=\"wp-image-12253\" srcset=\"https:\/\/admit-one.eu\/wp-content\/uploads\/2023\/01\/products_local-and-ho_stock_result.webp 600w, https:\/\/admit-one.eu\/wp-content\/uploads\/2023\/01\/products_local-and-ho_stock_result-300x300.webp 300w, https:\/\/admit-one.eu\/wp-content\/uploads\/2023\/01\/products_local-and-ho_stock_result-150x150.webp 150w, https:\/\/admit-one.eu\/wp-content\/uploads\/2023\/01\/products_local-and-ho_stock_result-12x12.webp 12w, https:\/\/admit-one.eu\/wp-content\/uploads\/2023\/01\/products_local-and-ho_stock_result-400x400.webp 400w\" sizes=\"(max-width: 600px) 100vw, 600px\" \/><\/figure><\/div><\/div>\n\n\n\n<div id=\"wp-block-themeisle-blocks-advanced-column-03cad4bb\" class=\"wp-block-themeisle-blocks-advanced-column\" data-aos=\"fade\" data-aos-duration=\"1200\">\n<h3 class=\"wp-block-heading\">Gestor d&#039;estocs<\/h3>\n\n\n\n<p>Simplifica la teva gesti\u00f3 d&#039;estocs i redueix els costos de gesti\u00f3 amb la soluci\u00f3 d&#039;estocs i lliuraments d&#039;Admit One.<\/p>\n\n\n\n<div class=\"is-layout-flex wp-container-3 wp-block-columns are-vertically-aligned-top\">\n<div class=\"is-layout-flow wp-block-column is-vertically-aligned-top\">\n<ul class=\"a1_tick-list\">\n<li>Valoraci\u00f3 i agrupaci\u00f3<\/li>\n\n\n\n<li>Instruccions del producte per permetre opcions addicionals sobre aliments\/begudes<\/li>\n\n\n\n<li>Construcci\u00f3 de nous productes<\/li>\n<\/ul>\n<\/div>\n\n\n\n<div class=\"is-layout-flow wp-block-column is-vertically-aligned-top\">\n<ul class=\"a1_tick-list\">\n<li>Ordres de compra<\/li>\n\n\n\n<li>Productes combinats per a vendes addicionals<\/li>\n\n\n\n<li>Seguiment de lliurament<\/li>\n<\/ul>\n<\/div>\n<\/div>\n<\/div>\n<\/div><\/div>\n\n\n\n<div id=\"wp-block-themeisle-blocks-advanced-columns-7c8d14a1\" class=\"wp-block-themeisle-blocks-advanced-columns has-2-columns has-desktop-equal-layout has-tablet-equal-layout has-mobile-collapsedRows-layout has-vertical-unset feature-block\"><div class=\"wp-block-themeisle-blocks-advanced-columns-overlay\"><\/div><div class=\"innerblocks-wrap\">\n<div id=\"wp-block-themeisle-blocks-advanced-column-6480c00f\" class=\"wp-block-themeisle-blocks-advanced-column\" data-aos=\"fade-right\" data-aos-duration=\"1200\"><div class=\"wp-block-image is-style-default\">\n<figure class=\"alignleft size-full\"><img decoding=\"async\" loading=\"lazy\" width=\"600\" height=\"600\" src=\"https:\/\/admit-one.co.uk\/wp-content\/uploads\/2023\/01\/products_local-and-ho_event-manager_result.webp\" alt=\"Gestor de programaci\u00f3 i esdeveniments\" class=\"wp-image-12251\" srcset=\"https:\/\/admit-one.eu\/wp-content\/uploads\/2023\/01\/products_local-and-ho_event-manager_result.webp 600w, https:\/\/admit-one.eu\/wp-content\/uploads\/2023\/01\/products_local-and-ho_event-manager_result-300x300.webp 300w, https:\/\/admit-one.eu\/wp-content\/uploads\/2023\/01\/products_local-and-ho_event-manager_result-150x150.webp 150w, https:\/\/admit-one.eu\/wp-content\/uploads\/2023\/01\/products_local-and-ho_event-manager_result-12x12.webp 12w, https:\/\/admit-one.eu\/wp-content\/uploads\/2023\/01\/products_local-and-ho_event-manager_result-400x400.webp 400w\" sizes=\"(max-width: 600px) 100vw, 600px\" \/><\/figure><\/div><\/div>\n\n\n\n<div id=\"wp-block-themeisle-blocks-advanced-column-ed341c03\" class=\"wp-block-themeisle-blocks-advanced-column\" data-aos=\"fade\" data-aos-duration=\"1200\">\n<h3 class=\"wp-block-heading\">Gestor de programaci\u00f3 i esdeveniments<\/h3>\n\n\n\n<p>Estalvieu temps i faciliteu la vida programant pel\u00b7l\u00edcules per a tots els circuits des del vostre \u00fanic sistema centralitzat. Configureu f\u00e0cilment esdeveniments i actuacions recurrents i individuals alhora que automatitzeu les pol\u00edtiques de planificaci\u00f3 i les regles entre bastidors.<\/p>\n\n\n\n<div class=\"is-layout-flex wp-container-6 wp-block-columns are-vertically-aligned-top\">\n<div class=\"is-layout-flow wp-block-column is-vertically-aligned-top\">\n<ul class=\"a1_tick-list\">\n<li>Entrada general i codis promocionals<\/li>\n\n\n\n<li>Lloguer d&#039;esdeveniments privats<\/li>\n\n\n\n<li>Per\u00edodes de programaci\u00f3<\/li>\n<\/ul>\n<\/div>\n\n\n\n<div class=\"is-layout-flow wp-block-column is-vertically-aligned-top\">\n<ul class=\"a1_tick-list\">\n<li>Dissenyador de bitllets i rebuts<\/li>\n\n\n\n<li>Targetes de preu de les entrades<\/li>\n\n\n\n<li>Plans de seients<\/li>\n<\/ul>\n<\/div>\n<\/div>\n<\/div>\n<\/div><\/div>\n\n\n\n<div id=\"wp-block-themeisle-blocks-advanced-columns-2fdd48c5\" class=\"wp-block-themeisle-blocks-advanced-columns has-2-columns has-desktop-equal-layout has-tablet-equal-layout has-mobile-collapsedRows-layout has-vertical-unset feature-block\"><div class=\"wp-block-themeisle-blocks-advanced-columns-overlay\"><\/div><div class=\"innerblocks-wrap\">\n<div id=\"wp-block-themeisle-blocks-advanced-column-16b7b8fc\" class=\"wp-block-themeisle-blocks-advanced-column\" data-aos=\"fade-right\" data-aos-duration=\"1200\"><div class=\"wp-block-image is-style-default\">\n<figure class=\"alignleft size-full\"><img decoding=\"async\" src=\"https:\/\/admit-one.co.uk\/wp-content\/uploads\/2023\\01\/products_local-and-ho_head-office_result.webp\" alt=\"Administrador de la seu central\" class=\"wp-image-12252\"\/><\/figure><\/div><\/div>\n\n\n\n<div id=\"wp-block-themeisle-blocks-advanced-column-4cd9b594\" class=\"wp-block-themeisle-blocks-advanced-column\" data-aos=\"fade\" data-aos-duration=\"1200\">\n<h3 class=\"wp-block-heading\">Gerent de la Seu Central<\/h3>\n\n\n\n<p>Estandarditzeu les operacions i mantingueu la coher\u00e8ncia amb una configuraci\u00f3 senzilla dels llocs mitjan\u00e7ant un sistema centralitzat, tot mantenint la llibertat i la flexibilitat de les configuracions localitzades espec\u00edfiques.<\/p>\n\n\n\n<p>Feu un seguiment de tots els registres financers, gestioneu els comptes d&#039;usuari, controleu terminals de manera remota i configureu esquemes de fidelitzaci\u00f3, tot des d&#039;un centre principal de f\u00e0cil control.<\/p>\n\n\n\n<div class=\"is-layout-flex wp-container-9 wp-block-columns are-vertically-aligned-top\">\n<div class=\"is-layout-flow wp-block-column is-vertically-aligned-top\">\n<ul class=\"a1_tick-list\">\n<li>Gesti\u00f3 de m\u00faltiples ubicacions<\/li>\n\n\n\n<li>Funcions espec\u00edfiques de l&#039;usuari<\/li>\n\n\n\n<li>Gesti\u00f3 d&#039;efectiu i seguiment de transaccions<\/li>\n<\/ul>\n<\/div>\n\n\n\n<div class=\"is-layout-flow wp-block-column is-vertically-aligned-top\">\n<ul class=\"a1_tick-list\">\n<li>Factures, pagaments i extractes<\/li>\n\n\n\n<li>Base de dades de clients i gesti\u00f3 de la fidelitzaci\u00f3<\/li>\n\n\n\n<li>Opcions d&#039;informes per defecte i personalitzades<\/li>\n<\/ul>\n<\/div>\n<\/div>\n<\/div>\n<\/div><\/div>\n\n\n\n<div id=\"wp-block-themeisle-blocks-advanced-columns-2d05bb4c\" class=\"wp-block-themeisle-blocks-advanced-columns has-2-columns has-desktop-equal-layout has-tablet-equal-layout has-mobile-collapsedRows-layout has-vertical-unset feature-block\"><div class=\"wp-block-themeisle-blocks-advanced-columns-overlay\"><\/div><div class=\"innerblocks-wrap\">\n<div id=\"wp-block-themeisle-blocks-advanced-column-2a5f445e\" class=\"wp-block-themeisle-blocks-advanced-column\" data-aos=\"fade-right\" data-aos-duration=\"1200\"><div class=\"wp-block-image is-style-default\">\n<figure class=\"alignleft size-full\"><img decoding=\"async\" loading=\"lazy\" width=\"600\" height=\"600\" src=\"https:\/\/admit-one.co.uk\/wp-content\/uploads\/2023\/01\/products_back-office_operational-reports_result.webp\" alt=\"Informes operatius\" class=\"wp-image-12495\" srcset=\"https:\/\/admit-one.eu\/wp-content\/uploads\/2023\/01\/products_back-office_operational-reports_result.webp 600w, https:\/\/admit-one.eu\/wp-content\/uploads\/2023\/01\/products_back-office_operational-reports_result-300x300.webp 300w, https:\/\/admit-one.eu\/wp-content\/uploads\/2023\/01\/products_back-office_operational-reports_result-150x150.webp 150w, https:\/\/admit-one.eu\/wp-content\/uploads\/2023\/01\/products_back-office_operational-reports_result-12x12.webp 12w, https:\/\/admit-one.eu\/wp-content\/uploads\/2023\/01\/products_back-office_operational-reports_result-400x400.webp 400w\" sizes=\"(max-width: 600px) 100vw, 600px\" \/><\/figure><\/div><\/div>\n\n\n\n<div id=\"wp-block-themeisle-blocks-advanced-column-d6dd0e4f\" class=\"wp-block-themeisle-blocks-advanced-column\" data-aos=\"fade\" data-aos-duration=\"1200\">\n<h3 class=\"wp-block-heading\">Informes operatius<\/h3>\n\n\n\n<p>Com a part essencial de l&#039;an\u00e0lisi del rendiment del vostre circuit o recinte, el nostre conjunt est\u00e0ndard d&#039;informes us ofereix la informaci\u00f3 precisa que necessiteu per entendre totes les \u00e0rees operatives del vostre negoci, en un format f\u00e0cil d&#039;accedir i de llegir. Tamb\u00e9 oferim informes personalitzats per adaptar-se a les vostres necessitats individuals, que el nostre equip estar\u00e0 encantat de proporcionar com a paquet addicional a petici\u00f3.&nbsp;<\/p>\n\n\n\n<div class=\"is-layout-flex wp-container-12 wp-block-columns are-vertically-aligned-top\">\n<div class=\"is-layout-flow wp-block-column is-vertically-aligned-top\">\n<ul class=\"a1_tick-list\">\n<li>Informes d&#039;usuari per fer un seguiment de les m\u00e8triques de personal&nbsp;<\/li>\n\n\n\n<li>Informes d&#039;estoc per a una gesti\u00f3 eficient d&#039;inventari&nbsp;<\/li>\n\n\n\n<li>Informes d&#039;efectiu amb pista d&#039;auditoria completa de les transaccions per a una conciliaci\u00f3 segura de vendes&nbsp;<\/li>\n<\/ul>\n<\/div>\n\n\n\n<div class=\"is-layout-flow wp-block-column is-vertically-aligned-top\">\n<ul class=\"a1_tick-list\">\n<li>Informes del lloc per obtenir una visi\u00f3 integral de cadascuna de les vostres ubicacions&nbsp;<\/li>\n\n\n\n<li>Informes de rendiment i assist\u00e8ncia per ajudar a gestionar la programaci\u00f3&nbsp;&nbsp;<\/li>\n<\/ul>\n<\/div>\n<\/div>\n<\/div>\n<\/div><\/div>\n\n\n\n<div id=\"wp-block-themeisle-blocks-advanced-columns-3f859f01\" class=\"wp-block-themeisle-blocks-advanced-columns has-2-columns has-desktop-equal-layout has-tablet-equal-layout has-mobile-collapsedRows-layout has-vertical-unset feature-block\"><div class=\"wp-block-themeisle-blocks-advanced-columns-overlay\"><\/div><div class=\"innerblocks-wrap\">\n<div id=\"wp-block-themeisle-blocks-advanced-column-b05911cf\" class=\"wp-block-themeisle-blocks-advanced-column\" data-aos=\"fade-right\" data-aos-duration=\"1200\"><div class=\"wp-block-image is-style-default\">\n<figure class=\"alignleft size-full\"><img decoding=\"async\" loading=\"lazy\" width=\"600\" height=\"600\" src=\"https:\/\/admit-one.co.uk\/wp-content\/uploads\/2023\/01\/products_local-and-ho_analytics_result.webp\" alt=\"Anal\u00edtica\" class=\"wp-image-12496\" srcset=\"https:\/\/admit-one.eu\/wp-content\/uploads\/2023\/01\/products_local-and-ho_analytics_result.webp 600w, https:\/\/admit-one.eu\/wp-content\/uploads\/2023\/01\/products_local-and-ho_analytics_result-300x300.webp 300w, https:\/\/admit-one.eu\/wp-content\/uploads\/2023\/01\/products_local-and-ho_analytics_result-150x150.webp 150w, https:\/\/admit-one.eu\/wp-content\/uploads\/2023\/01\/products_local-and-ho_analytics_result-12x12.webp 12w, https:\/\/admit-one.eu\/wp-content\/uploads\/2023\/01\/products_local-and-ho_analytics_result-400x400.webp 400w\" sizes=\"(max-width: 600px) 100vw, 600px\" \/><\/figure><\/div><\/div>\n\n\n\n<div id=\"wp-block-themeisle-blocks-advanced-column-9551051d\" class=\"wp-block-themeisle-blocks-advanced-column\" data-aos=\"fade\" data-aos-duration=\"1200\">\n<h3 class=\"wp-block-heading\">Anal\u00edtica<\/h3>\n\n\n\n<p>Quan la vostra empresa necessita m\u00e9s que informes operatius, la nostra API flexible us permet alimentar directament el vostre magatzem de dades o les eines de BI existents. Alternativament, podeu aprofitar al m\u00e0xim la nostra profunda integraci\u00f3 amb Insights dels l\u00edders del sector Showtime Analytics, per prendre decisions basades en dades en temps real per optimitzar el rendiment del vostre negoci.&nbsp;<\/p>\n\n\n\n<div class=\"is-layout-flex wp-container-15 wp-block-columns are-vertically-aligned-top\">\n<div class=\"is-layout-flow wp-block-column is-vertically-aligned-top\">\n<ul class=\"a1_tick-list\">\n<li>Entrades, Concessions, Ocupaci\u00f3, Dotaci\u00f3 de personal, Frau, Pantalles&nbsp;<\/li>\n\n\n\n<li>Desglossament, marcador, exportaci\u00f3, comparaci\u00f3, tend\u00e8ncia&nbsp;<\/li>\n<\/ul>\n<\/div>\n\n\n\n<div class=\"is-layout-flow wp-block-column is-vertically-aligned-top\">\n<ul class=\"a1_tick-list\">\n<li>Asignaci\u00f3 autom\u00e0tica del t\u00edtol de la pel\u00b7l\u00edcula als identificadors globals de Comscore&nbsp;<\/li>\n\n\n\n<li>Definiu les vostres pr\u00f2pies m\u00e8triques de nivell de circuit i categoritzaci\u00f3 d&#039;estocs&nbsp;<\/li>\n<\/ul>\n<\/div>\n<\/div>\n<\/div>\n<\/div><\/div>\n\n\n\n<div id=\"wp-block-themeisle-blocks-advanced-columns-01c14de9\" class=\"wp-block-themeisle-blocks-advanced-columns has-2-columns has-desktop-equal-layout has-tablet-collapsedRows-layout has-mobile-collapsedRows-layout has-vertical-unset call-to-action has-dark-bg\" data-aos=\"fade\" data-aos-duration=\"1200\"><div class=\"wp-block-themeisle-blocks-advanced-columns-overlay\"><\/div><div class=\"innerblocks-wrap\">\n<div id=\"wp-block-themeisle-blocks-advanced-column-aed9b021\" class=\"wp-block-themeisle-blocks-advanced-column\">\n<h2 class=\"wp-block-heading has-nv-site-bg-color has-text-color\">Est\u00e0s preparat per comen\u00e7ar amb Admit One?<\/h2>\n\n\n\n<p class=\"has-nv-site-bg-color has-text-color\">Comencem&nbsp;<i class=\"icon-forward\"><\/i><\/p>\n<\/div>\n\n\n\n<div id=\"wp-block-themeisle-blocks-advanced-column-01e8791e\" class=\"wp-block-themeisle-blocks-advanced-column column-right\">\n<h4 class=\"wp-block-heading has-neve-text-color-color has-text-color\">Ajuda&#039;ns a entendre les teves necessitats<\/h4>\n\n\n\n<p class=\"has-neve-text-color-color has-text-color\">Sabem que cada negoci \u00e9s diferent. Siguin quins siguin els vostres requisits \u00fanics, Admit One est\u00e0 aqu\u00ed per oferir-vos un sistema de TPV personalitzat que us funcioni a cada pas del cam\u00ed.<\/p>\n\n\n\n<ul class=\"a1_tick-list has-neve-text-color-color has-text-color\">\n<li>Flexible<\/li>\n\n\n\n<li>Assequible<\/li>\n\n\n\n<li>Escalable<\/li>\n<\/ul>\n\n\n\n<div id=\"wp-block-themeisle-blocks-button-group-5e1b0e52\" class=\"wp-block-themeisle-blocks-button-group wp-block-buttons\">\n<div id=\"wp-block-themeisle-blocks-button-bdaccee1\" class=\"wp-block-themeisle-blocks-button wp-block-button is-style-primary\"><a href=\"https:\/\/admit-one.eu\/ca\/posar-se-en-contacte\/\" target=\"_self\" rel=\"noopener noreferrer\" class=\"wp-block-button__link\"><span>Parlem<\/span><\/a><\/div>\n<\/div>\n<\/div>\n<\/div><\/div>","protected":false},"excerpt":{"rendered":"","protected":false},"author":1,"featured_media":0,"parent":14814,"menu_order":0,"comment_status":"closed","ping_status":"closed","template":"","meta":{"om_disable_all_campaigns":false,"_uag_custom_page_level_css":"","_mi_skip_tracking":false,"neve_meta_sidebar":"","neve_meta_container":"full-width","neve_meta_enable_content_width":"off","neve_meta_content_width":70,"neve_meta_title_alignment":"center","neve_meta_author_avatar":"","neve_post_elements_order":"","neve_meta_disable_header":"","neve_meta_disable_footer":"","neve_meta_disable_title":"on","neve_meta_reading_time":"","_themeisle_gutenberg_block_has_review":false},"categories":[],"tags":[],"folder":[90],"aioseo_notices":[],"uagb_featured_image_src":{"full":false,"thumbnail":false,"medium":false,"medium_large":false,"large":false,"1536x1536":false,"2048x2048":false,"trp-custom-language-flag":false,"neve-blog":false,"xl":false,"xxl":false,"xxxl":false,"xxxxl":false,"xxxxxl":false},"uagb_author_info":{"display_name":"James Gibson","author_link":"https:\/\/admit-one.eu\/ca\/blog\/author\/james-gibson\/"},"uagb_comment_info":0,"uagb_excerpt":null,"_links":{"self":[{"href":"https:\/\/admit-one.eu\/ca\/wp-json\/wp\/v2\/pages\/11984"}],"collection":[{"href":"https:\/\/admit-one.eu\/ca\/wp-json\/wp\/v2\/pages"}],"about":[{"href":"https:\/\/admit-one.eu\/ca\/wp-json\/wp\/v2\/types\/page"}],"author":[{"embeddable":true,"href":"https:\/\/admit-one.eu\/ca\/wp-json\/wp\/v2\/users\/1"}],"replies":[{"embeddable":true,"href":"https:\/\/admit-one.eu\/ca\/wp-json\/wp\/v2\/comments?post=11984"}],"version-history":[{"count":8,"href":"https:\/\/admit-one.eu\/ca\/wp-json\/wp\/v2\/pages\/11984\/revisions"}],"predecessor-version":[{"id":15113,"href":"https:\/\/admit-one.eu\/ca\/wp-json\/wp\/v2\/pages\/11984\/revisions\/15113"}],"up":[{"embeddable":true,"href":"https:\/\/admit-one.eu\/ca\/wp-json\/wp\/v2\/pages\/14814"}],"wp:attachment":[{"href":"https:\/\/admit-one.eu\/ca\/wp-json\/wp\/v2\/media?parent=11984"}],"wp:term":[{"taxonomy":"category","embeddable":true,"href":"https:\/\/admit-one.eu\/ca\/wp-json\/wp\/v2\/categories?post=11984"},{"taxonomy":"post_tag","embeddable":true,"href":"https:\/\/admit-one.eu\/ca\/wp-json\/wp\/v2\/tags?post=11984"},{"taxonomy":"folder","embeddable":true,"href":"https:\/\/admit-one.eu\/ca\/wp-json\/wp\/v2\/folder?post=11984"}],"curies":[{"name":"wp","href":"https:\/\/api.w.org\/{rel}","templated":true}]}}