{"id":11912,"date":"2023-01-05T15:21:58","date_gmt":"2023-01-05T15:21:58","guid":{"rendered":"https:\/\/admit-one.co.uk\/?page_id=11912"},"modified":"2024-02-22T16:31:25","modified_gmt":"2024-02-22T16:31:25","slug":"food-and-beverage","status":"publish","type":"page","link":"https:\/\/admit-one.eu\/ca\/solucions\/aliments-i-begudes\/","title":{"rendered":"Menjar i begudes"},"content":{"rendered":"<div id=\"wp-block-themeisle-blocks-advanced-columns-f3534b6f\" class=\"wp-block-themeisle-blocks-advanced-columns has-2-columns has-desktop-twoOne-layout has-tablet-equal-layout has-mobile-collapsedRows-layout has-reverse-columns-mobile has-vertical-unset has-vertical-undefined page-header\"><div class=\"wp-block-themeisle-blocks-advanced-columns-overlay\"><\/div><div class=\"innerblocks-wrap\">\n<div id=\"wp-block-themeisle-blocks-advanced-column-49529f4b\" class=\"wp-block-themeisle-blocks-advanced-column\" data-aos=\"fade\" data-aos-duration=\"1200\">\n<h1 class=\"wp-block-heading\">Menjar i begudes<\/h1>\n\n\n\n<p>Els nostres sistemes d&#039;aliments i begudes totalment integrats, rics en funcions, estan dissenyats per oferir-vos un control complet, alhora que creen una experi\u00e8ncia simplificada per al vostre personal i ofereixen un servei excepcional als vostres clients.<\/p>\n\n\n\n<p>Les nostres eines ofereixen una manera senzilla i eficient de vendre, gestionar i fer un seguiment de totes les vostres comandes d&#039;aliments i begudes, sigui quina sigui la vostra mida i configuraci\u00f3. Integrat a la perfecci\u00f3, senzill de configurar i f\u00e0cil de gestionar, el nostre sistema est\u00e0 dissenyat per satisfer totes les vostres necessitats d&#039;alimentaci\u00f3 i begudes.<\/p>\n\n\n\n<div id=\"wp-block-themeisle-blocks-button-group-74f45ab7\" class=\"wp-block-themeisle-blocks-button-group wp-block-buttons\">\n<div id=\"wp-block-themeisle-blocks-button-6461b3a4\" class=\"wp-block-themeisle-blocks-button wp-block-button is-style-primary\"><a href=\"https:\/\/www.admit-one.co.uk\/request-demo\/\" target=\"_self\" rel=\"noopener noreferrer\" class=\"wp-block-button__link\"><span>Demana una demostraci\u00f3 <\/span><\/a><\/div>\n<\/div>\n<\/div>\n\n\n\n<div id=\"wp-block-themeisle-blocks-advanced-column-27c8e090\" class=\"wp-block-themeisle-blocks-advanced-column\" data-aos=\"fade-up\" data-aos-duration=\"1200\"><div class=\"wp-block-image is-style-default\">\n<figure class=\"aligncenter size-full\"><img decoding=\"async\" src=\"https:\/\/admit-one.co.uk\/wp-content\/uploads\/2023\/01\/image_f-and-b_result.webp\" alt=\"F&amp;B\" class=\"wp-image-12115\"\/><\/figure><\/div><\/div>\n<\/div><\/div>\n\n\n\n<div id=\"wp-block-themeisle-blocks-advanced-columns-2074d916\" class=\"wp-block-themeisle-blocks-advanced-columns has-2-columns has-desktop-equal-layout has-tablet-equal-layout has-mobile-collapsedRows-layout has-vertical-unset feature-block\"><div class=\"wp-block-themeisle-blocks-advanced-columns-overlay\"><\/div><div class=\"innerblocks-wrap\">\n<div id=\"wp-block-themeisle-blocks-advanced-column-945ee192\" class=\"wp-block-themeisle-blocks-advanced-column\" data-aos=\"fade-right\" data-aos-duration=\"1200\"><div class=\"wp-block-image is-style-default\">\n<figure class=\"alignleft size-full\"><img decoding=\"async\" loading=\"lazy\" width=\"600\" height=\"600\" src=\"https:\/\/admit-one.co.uk\/wp-content\/uploads\/2023\/01\/products_f-and-b_traditional-restaurant_result.webp\" alt=\"Restaurant tradicional\" class=\"wp-image-12241\" srcset=\"https:\/\/admit-one.eu\/wp-content\/uploads\/2023\/01\/products_f-and-b_traditional-restaurant_result.webp 600w, https:\/\/admit-one.eu\/wp-content\/uploads\/2023\/01\/products_f-and-b_traditional-restaurant_result-300x300.webp 300w, https:\/\/admit-one.eu\/wp-content\/uploads\/2023\/01\/products_f-and-b_traditional-restaurant_result-150x150.webp 150w, https:\/\/admit-one.eu\/wp-content\/uploads\/2023\/01\/products_f-and-b_traditional-restaurant_result-12x12.webp 12w, https:\/\/admit-one.eu\/wp-content\/uploads\/2023\/01\/products_f-and-b_traditional-restaurant_result-400x400.webp 400w\" sizes=\"(max-width: 600px) 100vw, 600px\" \/><\/figure><\/div><\/div>\n\n\n\n<div id=\"wp-block-themeisle-blocks-advanced-column-03cad4bb\" class=\"wp-block-themeisle-blocks-advanced-column\" data-aos=\"fade\" data-aos-duration=\"1200\">\n<h3 class=\"wp-block-heading\"><strong>Restaurant tradicional<\/strong><\/h3>\n\n\n\n<p>Racionalitzeu cada part del proc\u00e9s de comanda del vostre restaurant amb un sistema integrat, tant si sou un restaurant dedicat com si sou un cinema o un lloc d&#039;entreteniment que ofereix instal\u00b7lacions per menjar.<\/p>\n\n\n\n<div class=\"is-layout-flex wp-container-3 wp-block-columns are-vertically-aligned-top\">\n<div class=\"is-layout-flow wp-block-column is-vertically-aligned-top\">\n<ul class=\"a1_tick-list\">\n<li>Pl\u00e0nols de la taula del restaurant<\/li>\n\n\n\n<li>Pantalles de cambrer perqu\u00e8 els clients rebin les comandes de manera r\u00e0pida i eficient<\/li>\n<\/ul>\n<\/div>\n\n\n\n<div class=\"is-layout-flow wp-block-column is-vertically-aligned-top\">\n<ul class=\"a1_tick-list\">\n<li>Pestanyes i bitllets dividits<\/li>\n\n\n\n<li>Servei de taula amb codis QR que permeten als clients fer la comanda sense esperar personal&nbsp;<\/li>\n<\/ul>\n<\/div>\n<\/div>\n<\/div>\n<\/div><\/div>\n\n\n\n<div id=\"wp-block-themeisle-blocks-advanced-columns-cc15f29f\" class=\"wp-block-themeisle-blocks-advanced-columns has-2-columns has-desktop-equal-layout has-tablet-equal-layout has-mobile-collapsedRows-layout has-vertical-unset feature-block\"><div class=\"wp-block-themeisle-blocks-advanced-columns-overlay\"><\/div><div class=\"innerblocks-wrap\">\n<div id=\"wp-block-themeisle-blocks-advanced-column-56efa89b\" class=\"wp-block-themeisle-blocks-advanced-column\" data-aos=\"fade-right\" data-aos-duration=\"1200\"><div class=\"wp-block-image is-style-default\">\n<figure class=\"alignleft size-full\"><img decoding=\"async\" src=\"https:\/\/admit-one.co.uk\/wp-content\/uploads\/2023\\01\/products_f-and-b_kitchen_result.webp\" alt=\"Cuina\" class=\"wp-image-12240\"\/><\/figure><\/div><\/div>\n\n\n\n<div id=\"wp-block-themeisle-blocks-advanced-column-701410c9\" class=\"wp-block-themeisle-blocks-advanced-column\" data-aos=\"fade\" data-aos-duration=\"1200\">\n<h3 class=\"wp-block-heading\"><strong>Cuina<\/strong> Gestor<\/h3>\n\n\n\n<p>Des dels requisits b\u00e0sics de comandes fins a escenaris basats en m\u00faltiples pantalles amb totes les funcions, Admit One es personalitza segons els vostres fluxos de treball a trav\u00e9s de la preparaci\u00f3, distribuci\u00f3 i servei d&#039;aliments i begudes, alhora que ofereix un control complet de les configuracions de la vostra pantalla de visualitzaci\u00f3 d&#039;informaci\u00f3 del vostre TPV, quiosc, personal i client.<\/p>\n\n\n\n<div class=\"is-layout-flex wp-container-6 wp-block-columns are-vertically-aligned-top\">\n<div class=\"is-layout-flow wp-block-column is-vertically-aligned-top\">\n<ul class=\"a1_tick-list\">\n<li>Integraci\u00f3 perfecta amb tots els canals de venda (TPV, caixer autom\u00e0tic, A1Shop i web) per mantenir-se al dia del compliment de les vostres comandes i la possibilitat d&#039;integrar-se amb 3<sup>rd<\/sup> sistemes de festa per emportar<\/li>\n\n\n\n<li>Envieu comandes directament a impressores de cuina i\/o pantalles de restaurants dedicades<\/li>\n\n\n\n<li>Les pantalles de preparaci\u00f3 ofereixen al vostre personal tota la informaci\u00f3 que necessita per atendre r\u00e0pidament les comandes.<\/li>\n<\/ul>\n<\/div>\n\n\n\n<div class=\"is-layout-flow wp-block-column is-vertically-aligned-top\">\n<ul class=\"a1_tick-list\">\n<li>Utilitzeu el bot\u00f3 de funci\u00f3 &quot;Veure comandes de cuina&quot; en un TPV per permetre que el TPV actu\u00ef com a pantalla de preparaci\u00f3 dedicada en lloc de confiar nom\u00e9s en els rebuts de comandes impresos.<\/li>\n\n\n\n<li>Integrar-se amb sistemes de cercapersones quan s&#039;utilitza el servei de cambrer<\/li>\n\n\n\n<li>Les pantalles d&#039;estat de les comandes dirigides al client mantenen les cues en moviment i els vostres clients estan informats<\/li>\n<\/ul>\n<\/div>\n<\/div>\n<\/div>\n<\/div><\/div>\n\n\n\n<div id=\"wp-block-themeisle-blocks-advanced-columns-a8614765\" class=\"wp-block-themeisle-blocks-advanced-columns has-2-columns has-desktop-equal-layout has-tablet-equal-layout has-mobile-collapsedRows-layout has-vertical-unset feature-block\"><div class=\"wp-block-themeisle-blocks-advanced-columns-overlay\"><\/div><div class=\"innerblocks-wrap\">\n<div id=\"wp-block-themeisle-blocks-advanced-column-a46e52cf\" class=\"wp-block-themeisle-blocks-advanced-column\" data-aos=\"fade-right\" data-aos-duration=\"1200\"><div class=\"wp-block-image is-style-default\">\n<figure class=\"alignleft size-full\"><img decoding=\"async\" src=\"https:\/\/admit-one.co.uk\/wp-content\/uploads\/2023\\01\/products_f-and-b_click-and-collect_result.webp\" alt=\"Fes clic i recull\" class=\"wp-image-12238\"\/><\/figure><\/div><\/div>\n\n\n\n<div id=\"wp-block-themeisle-blocks-advanced-column-ca27a924\" class=\"wp-block-themeisle-blocks-advanced-column\" data-aos=\"fade\" data-aos-duration=\"1200\">\n<h3 class=\"wp-block-heading\"><strong>Feu clic i recolliu<\/strong><\/h3>\n\n\n\n<p>Creeu una experi\u00e8ncia r\u00e0pida i senzilla per als clients i el personal amb una comanda pr\u00e8via de F&amp;B c\u00f2moda i sense contacte des de qualsevol lloc, reduint els temps d&#039;espera i alliberant personal.<\/p>\n\n\n\n<div class=\"is-layout-flex wp-container-9 wp-block-columns are-vertically-aligned-top\">\n<div class=\"is-layout-flow wp-block-column is-vertically-aligned-top\">\n<ul class=\"a1_tick-list\">\n<li>Envieu comandes directament a la l\u00ednia de preparaci\u00f3 des de la web, l&#039;aplicaci\u00f3, la botiga A1, els quioscs d&#039;autoservei o el TPV&nbsp;<\/li>\n\n\n\n<li>Admet tant impressores de cuina com pantalles<\/li>\n<\/ul>\n<\/div>\n\n\n\n<div class=\"is-layout-flow wp-block-column is-vertically-aligned-top\">\n<ul class=\"a1_tick-list\">\n<li>Augmenteu les vendes addicionals amb les indicacions addicionals a mesura que els convidats demanen<\/li>\n\n\n\n<li>Punts de recollida per al seguiment de comandes amb visualitzaci\u00f3 d&#039;informaci\u00f3 en temps real per mantenir informats els clients<\/li>\n<\/ul>\n<\/div>\n<\/div>\n<\/div>\n<\/div><\/div>\n\n\n\n<div id=\"wp-block-themeisle-blocks-advanced-columns-541a8e0c\" class=\"wp-block-themeisle-blocks-advanced-columns has-2-columns has-desktop-equal-layout has-tablet-equal-layout has-mobile-collapsedRows-layout has-vertical-unset feature-block\"><div class=\"wp-block-themeisle-blocks-advanced-columns-overlay\"><\/div><div class=\"innerblocks-wrap\">\n<div id=\"wp-block-themeisle-blocks-advanced-column-df6c63c8\" class=\"wp-block-themeisle-blocks-advanced-column\" data-aos=\"fade-right\" data-aos-duration=\"1200\"><div class=\"wp-block-image is-style-default\">\n<figure class=\"alignleft size-full\"><img decoding=\"async\" src=\"https:\/\/admit-one.co.uk\/wp-content\/uploads\/2023\\01\/products_f-and-b_in-seat-dining_result.webp\" alt=\"A Seat Dining\" class=\"wp-image-12239\"\/><\/figure><\/div><\/div>\n\n\n\n<div id=\"wp-block-themeisle-blocks-advanced-column-033e93b9\" class=\"wp-block-themeisle-blocks-advanced-column\" data-aos=\"fade\" data-aos-duration=\"1200\">\n<h3 class=\"wp-block-heading\"><strong>A Seat Dining<\/strong><\/h3>\n\n\n\n<p>Augmenteu els vostres canals de vendes sense augmentar els nivells de personal i mantingueu els clients contents no haver d&#039;esperar en cues visibles.<\/p>\n\n\n\n<div class=\"is-layout-flex wp-container-12 wp-block-columns are-vertically-aligned-top\">\n<div class=\"is-layout-flow wp-block-column is-vertically-aligned-top\">\n<ul class=\"a1_tick-list\">\n<li>Permet als clients fer comandes des del seu propi dispositiu o portar les seves comandes on s&#039;asseuen<\/li>\n\n\n\n<li>Trieu quins articles voleu posar disponibles&nbsp;<\/li>\n<\/ul>\n<\/div>\n\n\n\n<div class=\"is-layout-flow wp-block-column is-vertically-aligned-top\">\n<ul class=\"a1_tick-list\">\n<li>Menjar lliurat al seu seient&nbsp;<\/li>\n\n\n\n<li>Horaris de tall de comandes per actuaci\u00f3&nbsp;<\/li>\n<\/ul>\n<\/div>\n<\/div>\n<\/div>\n<\/div><\/div>\n\n\n\n<div id=\"wp-block-themeisle-blocks-advanced-columns-7c8d14a1\" class=\"wp-block-themeisle-blocks-advanced-columns has-2-columns has-desktop-equal-layout has-tablet-equal-layout has-mobile-collapsedRows-layout has-vertical-unset feature-block\"><div class=\"wp-block-themeisle-blocks-advanced-columns-overlay\"><\/div><div class=\"innerblocks-wrap\">\n<div id=\"wp-block-themeisle-blocks-advanced-column-6480c00f\" class=\"wp-block-themeisle-blocks-advanced-column\" data-aos=\"fade-right\" data-aos-duration=\"1200\"><div class=\"wp-block-image is-style-default\">\n<figure class=\"alignleft size-full\"><img decoding=\"async\" src=\"https:\/\/admit-one.co.uk\/wp-content\/uploads\/2023\\01\/products_f-and-b_a1-shop_result.webp\" alt=\"A1 Botiga\" class=\"wp-image-12237\"\/><\/figure><\/div><\/div>\n\n\n\n<div id=\"wp-block-themeisle-blocks-advanced-column-ed341c03\" class=\"wp-block-themeisle-blocks-advanced-column\" data-aos=\"fade\" data-aos-duration=\"1200\">\n<h3 class=\"wp-block-heading\">Comandes m\u00f2bils in situ<\/h3>\n\n\n\n<h5 class=\"wp-block-heading\">Preparat per fer comandes sense contacte i sense problemes?<\/h5>\n\n\n\n<p>Posa el poder de l&#039;elecci\u00f3 en mans dels teus clients i impulsa les teves vendes d&#039;aliments i begudes, amb comandes m\u00f2bils in situ. Augmenteu la satisfacci\u00f3 del client mantenint els nivells de personal baixos i proporcioneu als vostres clients una experi\u00e8ncia rendible i rica en funcions des de la compra fins al lliurament.&nbsp;<\/p>\n\n\n\n<div class=\"is-layout-flex wp-container-15 wp-block-columns are-vertically-aligned-top\">\n<div class=\"is-layout-flow wp-block-column is-vertically-aligned-top\">\n<ul class=\"a1_tick-list\">\n<li>F\u00e0cil acc\u00e9s al lloc amb opcions de lliurament i recollida flexibles<\/li>\n\n\n\n<li>Totalment personalitzable amb el logotip i l&#039;estil de la vostra marca<\/li>\n\n\n\n<li>Aplicaci\u00f3 basada en web dissenyada per funcionar en tots els dispositius m\u00f2bils, sense necessitat d&#039;inversi\u00f3 en maquinari ni instal\u00b7laci\u00f3 d&#039;aplicacions<\/li>\n<\/ul>\n<\/div>\n\n\n\n<div class=\"is-layout-flow wp-block-column is-vertically-aligned-top\">\n<ul class=\"a1_tick-list\">\n<li>Punts de recollida per al seguiment de comandes amb visualitzaci\u00f3 d&#039;informaci\u00f3 en temps real<\/li>\n\n\n\n<li>Servei de taula amb codis QR que permeten als clients fer la comanda sense esperar personal<\/li>\n\n\n\n<li>Les comandes i el lliurament a la pantalla generen vendes addicionals de concessions sense tornar a la cua<\/li>\n<\/ul>\n<\/div>\n<\/div>\n<\/div>\n<\/div><\/div>\n\n\n\n<div id=\"wp-block-themeisle-blocks-advanced-columns-01c14de9\" class=\"wp-block-themeisle-blocks-advanced-columns has-2-columns has-desktop-equal-layout has-tablet-collapsedRows-layout has-mobile-collapsedRows-layout has-vertical-unset call-to-action has-dark-bg\" data-aos=\"fade\" data-aos-duration=\"1200\"><div class=\"wp-block-themeisle-blocks-advanced-columns-overlay\"><\/div><div class=\"innerblocks-wrap\">\n<div id=\"wp-block-themeisle-blocks-advanced-column-aed9b021\" class=\"wp-block-themeisle-blocks-advanced-column\">\n<h2 class=\"wp-block-heading has-nv-site-bg-color has-text-color\">Est\u00e0s preparat per comen\u00e7ar amb Admit One?<\/h2>\n\n\n\n<p class=\"has-nv-site-bg-color has-text-color\">Comencem&nbsp;<i class=\"icon-forward\"><\/i><\/p>\n<\/div>\n\n\n\n<div id=\"wp-block-themeisle-blocks-advanced-column-01e8791e\" class=\"wp-block-themeisle-blocks-advanced-column column-right\">\n<h4 class=\"wp-block-heading has-neve-text-color-color has-text-color\">Ajuda&#039;ns a entendre les teves necessitats<\/h4>\n\n\n\n<p class=\"has-neve-text-color-color has-text-color\">Sabem que cada negoci \u00e9s diferent. Siguin quins siguin els vostres requisits \u00fanics, Admit One est\u00e0 aqu\u00ed per oferir-vos un sistema de TPV personalitzat que us funcioni a cada pas del cam\u00ed.<\/p>\n\n\n\n<ul class=\"a1_tick-list has-neve-text-color-color has-text-color\">\n<li>Flexible<\/li>\n\n\n\n<li>Assequible<\/li>\n\n\n\n<li>Escalable<\/li>\n<\/ul>\n\n\n\n<div id=\"wp-block-themeisle-blocks-button-group-5e1b0e52\" class=\"wp-block-themeisle-blocks-button-group wp-block-buttons\">\n<div id=\"wp-block-themeisle-blocks-button-bdaccee1\" class=\"wp-block-themeisle-blocks-button wp-block-button is-style-primary\"><a href=\"https:\/\/admit-one.eu\/ca\/posar-se-en-contacte\/\" target=\"_self\" rel=\"noopener noreferrer\" class=\"wp-block-button__link\"><span>Parlem<\/span><\/a><\/div>\n<\/div>\n<\/div>\n<\/div><\/div>","protected":false},"excerpt":{"rendered":"","protected":false},"author":1,"featured_media":0,"parent":14814,"menu_order":0,"comment_status":"closed","ping_status":"closed","template":"","meta":{"om_disable_all_campaigns":false,"_uag_custom_page_level_css":"","_mi_skip_tracking":false,"neve_meta_sidebar":"","neve_meta_container":"full-width","neve_meta_enable_content_width":"","neve_meta_content_width":0,"neve_meta_title_alignment":"center","neve_meta_author_avatar":"","neve_post_elements_order":"","neve_meta_disable_header":"","neve_meta_disable_footer":"","neve_meta_disable_title":"on","neve_meta_reading_time":"","_themeisle_gutenberg_block_has_review":false},"categories":[],"tags":[],"folder":[90],"aioseo_notices":[],"uagb_featured_image_src":{"full":false,"thumbnail":false,"medium":false,"medium_large":false,"large":false,"1536x1536":false,"2048x2048":false,"trp-custom-language-flag":false,"neve-blog":false,"xl":false,"xxl":false,"xxxl":false,"xxxxl":false,"xxxxxl":false},"uagb_author_info":{"display_name":"James Gibson","author_link":"https:\/\/admit-one.eu\/ca\/blog\/author\/james-gibson\/"},"uagb_comment_info":0,"uagb_excerpt":null,"_links":{"self":[{"href":"https:\/\/admit-one.eu\/ca\/wp-json\/wp\/v2\/pages\/11912"}],"collection":[{"href":"https:\/\/admit-one.eu\/ca\/wp-json\/wp\/v2\/pages"}],"about":[{"href":"https:\/\/admit-one.eu\/ca\/wp-json\/wp\/v2\/types\/page"}],"author":[{"embeddable":true,"href":"https:\/\/admit-one.eu\/ca\/wp-json\/wp\/v2\/users\/1"}],"replies":[{"embeddable":true,"href":"https:\/\/admit-one.eu\/ca\/wp-json\/wp\/v2\/comments?post=11912"}],"version-history":[{"count":6,"href":"https:\/\/admit-one.eu\/ca\/wp-json\/wp\/v2\/pages\/11912\/revisions"}],"predecessor-version":[{"id":15115,"href":"https:\/\/admit-one.eu\/ca\/wp-json\/wp\/v2\/pages\/11912\/revisions\/15115"}],"up":[{"embeddable":true,"href":"https:\/\/admit-one.eu\/ca\/wp-json\/wp\/v2\/pages\/14814"}],"wp:attachment":[{"href":"https:\/\/admit-one.eu\/ca\/wp-json\/wp\/v2\/media?parent=11912"}],"wp:term":[{"taxonomy":"category","embeddable":true,"href":"https:\/\/admit-one.eu\/ca\/wp-json\/wp\/v2\/categories?post=11912"},{"taxonomy":"post_tag","embeddable":true,"href":"https:\/\/admit-one.eu\/ca\/wp-json\/wp\/v2\/tags?post=11912"},{"taxonomy":"folder","embeddable":true,"href":"https:\/\/admit-one.eu\/ca\/wp-json\/wp\/v2\/folder?post=11912"}],"curies":[{"name":"wp","href":"https:\/\/api.w.org\/{rel}","templated":true}]}}