{"id":11808,"date":"2023-01-04T15:33:17","date_gmt":"2023-01-04T15:33:17","guid":{"rendered":"https:\/\/admit-one.co.uk\/?page_id=11808"},"modified":"2026-03-12T15:35:55","modified_gmt":"2026-03-12T15:35:55","slug":"lobby","status":"publish","type":"page","link":"https:\/\/admit-one.eu\/ca\/solucions\/vestibul\/","title":{"rendered":"Vest\u00edbul"},"content":{"rendered":"<div id=\"wp-block-themeisle-blocks-advanced-columns-f3534b6f\" class=\"wp-block-themeisle-blocks-advanced-columns has-2-columns has-desktop-twoOne-layout has-tablet-equal-layout has-mobile-collapsedRows-layout has-reverse-columns-mobile has-vertical-unset has-vertical-undefined page-header\"><div class=\"wp-block-themeisle-blocks-advanced-columns-overlay\"><\/div><div class=\"innerblocks-wrap\">\n<div id=\"wp-block-themeisle-blocks-advanced-column-49529f4b\" class=\"wp-block-themeisle-blocks-advanced-column\" data-aos=\"fade\" data-aos-duration=\"1200\">\n<h1 class=\"wp-block-heading\">Vest\u00edbul<\/h1>\n\n\n\n<p>Oferiu la millor experi\u00e8ncia al client amb el vostre propi vest\u00edbul automatitzat. F\u00e0cil autoservei per als clients i eines operatives intu\u00eftives per al personal, Admit One us ofereix una flexibilitat total en la disposici\u00f3 del lloc i la gesti\u00f3 dels clients.<\/p>\n\n\n\n<div id=\"wp-block-themeisle-blocks-button-group-74f45ab7\" class=\"wp-block-themeisle-blocks-button-group wp-block-buttons\">\n<div id=\"wp-block-themeisle-blocks-button-6461b3a4\" class=\"wp-block-themeisle-blocks-button wp-block-button is-style-primary\"><a href=\"https:\/\/www.admit-one.co.uk\/request-demo\/\" target=\"_self\" rel=\"noopener noreferrer\" class=\"wp-block-button__link\"><span>Demana una demostraci\u00f3 <\/span><\/a><\/div>\n<\/div>\n<\/div>\n\n\n\n<div id=\"wp-block-themeisle-blocks-advanced-column-27c8e090\" class=\"wp-block-themeisle-blocks-advanced-column\" data-aos=\"fade-up\" data-aos-duration=\"1200\"><div class=\"wp-block-image is-style-default\">\n<figure class=\"aligncenter size-full\"><img decoding=\"async\" src=\"https:\/\/admit-one.co.uk\/wp-content\/uploads\/2023\/01\/image_lobby_result-1.webp\" alt=\"Vest\u00edbul\" class=\"wp-image-12117\"\/><\/figure><\/div><\/div>\n<\/div><\/div>\n\n\n\n<div id=\"wp-block-themeisle-blocks-advanced-columns-1fb622c0\" class=\"wp-block-themeisle-blocks-advanced-columns has-1-columns has-desktop-equal-layout has-tablet-equal-layout has-mobile-equal-layout has-vertical-unset\"><div class=\"wp-block-themeisle-blocks-advanced-columns-overlay\"><\/div><div class=\"innerblocks-wrap\">\n<div id=\"wp-block-themeisle-blocks-advanced-column-3cab767c\" class=\"wp-block-themeisle-blocks-advanced-column\">\n<div style=\"height:1px\" aria-hidden=\"true\" id=\"self-service-kiosks\" class=\"wp-block-spacer id-spacer\"><\/div>\n<\/div>\n<\/div><\/div>\n\n\n\n<div id=\"wp-block-themeisle-blocks-advanced-columns-2074d916\" class=\"wp-block-themeisle-blocks-advanced-columns has-2-columns has-desktop-equal-layout has-tablet-oneTwo-layout has-mobile-collapsedRows-layout has-vertical-unset feature-block\"><div class=\"wp-block-themeisle-blocks-advanced-columns-overlay\"><\/div><div class=\"innerblocks-wrap\">\n<div id=\"wp-block-themeisle-blocks-advanced-column-945ee192\" class=\"wp-block-themeisle-blocks-advanced-column\" data-aos=\"fade-right\" data-aos-duration=\"1200\"><div class=\"wp-block-image is-style-default\">\n<figure class=\"alignleft size-full\"><img decoding=\"async\" src=\"https:\/\/admit-one.co.uk\/wp-content\/uploads\/2023\\01\/products_lobby_kiosk_result.webp\" alt=\"Quiosc\" class=\"wp-image-12103\"\/><\/figure><\/div><\/div>\n\n\n\n<div id=\"wp-block-themeisle-blocks-advanced-column-03cad4bb\" class=\"wp-block-themeisle-blocks-advanced-column\" data-aos=\"fade\" data-aos-duration=\"1200\">\n<h3 class=\"wp-block-heading\">Quioscs d&#039;autoservei<\/h3>\n\n\n\n<p>Optimitzeu el flux de tr\u00e0nsit i impulseu la venda eficient de bitllets i concessions amb els nostres quioscs d&#039;autoservei.<\/p>\n\n\n\n<div class=\"is-layout-flex wp-container-3 wp-block-columns are-vertically-aligned-top\">\n<div class=\"is-layout-flow wp-block-column is-vertically-aligned-top\">\n<ul class=\"a1_tick-list\">\n<li>Compra in situ d&#039;entrades i tarifes<\/li>\n\n\n\n<li>Recollida d&#039;entrades i concessions pr\u00e8viament reservades<\/li>\n\n\n\n<li>In-built pin pad and scanner supporting gift cards, QR codes or barcodes<\/li>\n<\/ul>\n<\/div>\n\n\n\n<div class=\"is-layout-flow wp-block-column is-vertically-aligned-top\">\n<ul class=\"a1_tick-list\">\n<li>Horaris en directe i visualitzaci\u00f3 d&#039;imatges de p\u00f2sters<\/li>\n\n\n\n<li>Gamma de maquinari basat en Windows, inclosos quioscs independents a gran escala i m\u00e0quines d&#039;autoservei m\u00e9s petites basades en taules<\/li>\n\n\n\n<li>Experi\u00e8ncia coherent perfecta a tots els canals de compra d&#039;entrades, inclosos quiosc, web, aplicacions i autoservei<\/li>\n<\/ul>\n<\/div>\n<\/div>\n<\/div>\n<\/div><\/div>\n\n\n\n<div id=\"wp-block-themeisle-blocks-advanced-columns-c05b25a2\" class=\"wp-block-themeisle-blocks-advanced-columns has-1-columns has-desktop-equal-layout has-tablet-equal-layout has-mobile-equal-layout has-vertical-unset\"><div class=\"wp-block-themeisle-blocks-advanced-columns-overlay\"><\/div><div class=\"innerblocks-wrap\">\n<div id=\"wp-block-themeisle-blocks-advanced-column-3a15c499\" class=\"wp-block-themeisle-blocks-advanced-column\">\n<div style=\"height:1px\" aria-hidden=\"true\" id=\"point-of-sale\" class=\"wp-block-spacer id-spacer\"><\/div>\n<\/div>\n<\/div><\/div>\n\n\n\n<div id=\"wp-block-themeisle-blocks-advanced-columns-c27efc0f\" class=\"wp-block-themeisle-blocks-advanced-columns has-2-columns has-desktop-equal-layout has-tablet-oneTwo-layout has-mobile-collapsedRows-layout has-vertical-unset feature-block\"><div class=\"wp-block-themeisle-blocks-advanced-columns-overlay\"><\/div><div class=\"innerblocks-wrap\">\n<div id=\"wp-block-themeisle-blocks-advanced-column-9b4ef16b\" class=\"wp-block-themeisle-blocks-advanced-column\" data-aos=\"fade-right\" data-aos-duration=\"1200\"><div class=\"wp-block-image is-style-default\">\n<figure class=\"alignleft size-full\"><img decoding=\"async\" src=\"https:\/\/admit-one.co.uk\/wp-content\/uploads\/2023\/01\/products_lobby_pos_result.webp\" alt=\"Punt de venda\" class=\"wp-image-12104\"\/><\/figure><\/div><\/div>\n\n\n\n<div id=\"wp-block-themeisle-blocks-advanced-column-ed341c03\" class=\"wp-block-themeisle-blocks-advanced-column\" data-aos=\"fade\" data-aos-duration=\"1200\">\n<h3 class=\"wp-block-heading\">Punt de venda<\/h3>\n\n\n\n<p>El nostre Punt de Venda (TPV) \u00e9s el vostre principal canal de venda als vostres clients. amb un programari ric en funcions i fiable combinat amb un maquinari modern i robust, la nostra soluci\u00f3 personalitzable us ofereix un sistema d&#039;extrem a extrem fluid i intu\u00eftiu per a un servei al client superior.<\/p>\n\n\n\n<div class=\"is-layout-flex wp-container-6 wp-block-columns are-vertically-aligned-top\">\n<div class=\"is-layout-flow wp-block-column is-vertically-aligned-top\">\n<ul class=\"a1_tick-list\">\n<li>Venda r\u00e0pida d&#039;entrades i concessions<\/li>\n\n\n\n<li>Gesti\u00f3 integrada d&#039;estocs per a l&#039;efici\u00e8ncia operativa<\/li>\n\n\n\n<li>Seamless integration with Membership\/Loyalty schemes facilitating Gift Cards, Vouchers, Discounts and Complimentary Tickets<\/li>\n<\/ul>\n<\/div>\n\n\n\n<div class=\"is-layout-flow wp-block-column is-vertically-aligned-top\">\n<ul class=\"a1_tick-list\">\n<li>Augmenteu el vostre servei in situ amb opcions de pagament ampliades, com ara Split-Bill, Bar Tab i Exchange Order<\/li>\n\n\n\n<li>Gestioneu el personal i optimitzeu l&#039;efici\u00e8ncia del caixer amb el mode de formaci\u00f3, el gestor de descans i els perfils de rol totalment funcionals<\/li>\n\n\n\n<li>\u00c0mplia gamma d&#039;opcions de maquinari, incloent-hi nous i adaptacions posteriors<\/li>\n<\/ul>\n<\/div>\n<\/div>\n<\/div>\n<\/div><\/div>\n\n\n\n<div id=\"wp-block-themeisle-blocks-advanced-columns-2fdd48c5\" class=\"wp-block-themeisle-blocks-advanced-columns has-2-columns has-desktop-equal-layout has-tablet-oneTwo-layout has-mobile-collapsedRows-layout has-vertical-unset feature-block\"><div class=\"wp-block-themeisle-blocks-advanced-columns-overlay\"><\/div><div class=\"innerblocks-wrap\">\n<div id=\"wp-block-themeisle-blocks-advanced-column-16b7b8fc\" class=\"wp-block-themeisle-blocks-advanced-column\" data-aos=\"fade-right\" data-aos-duration=\"1200\"><div class=\"wp-block-image is-style-default\">\n<figure class=\"alignleft size-full\"><img decoding=\"async\" src=\"https:\/\/admit-one.co.uk\/wp-content\/uploads\/2023\\01\/products_lobby_digital-signage_result.webp\" alt=\"Senyalitzaci\u00f3 digital\" class=\"wp-image-12101\"\/><\/figure><\/div><\/div>\n\n\n\n<div id=\"wp-block-themeisle-blocks-advanced-column-4cd9b594\" class=\"wp-block-themeisle-blocks-advanced-column\" data-aos=\"fade\" data-aos-duration=\"1200\">\n<h3 class=\"wp-block-heading\">Senyalitzaci\u00f3 digital<\/h3>\n\n\n\n<p>Atreu els clients amb visuals impressionants en tots els punts de senyalitzaci\u00f3 digital, amb contingut totalment personalitzable, informaci\u00f3 en temps real i mitjans din\u00e0mics. Tant si utilitzeu la soluci\u00f3 d&#039;Admit One of the box, com si us connecteu a les vostres eines de senyalitzaci\u00f3 digital existents mitjan\u00e7ant les nostres API avan\u00e7ades, us cobrim per a tots els escenaris.&nbsp;<\/p>\n\n\n\n<div class=\"is-layout-flex wp-container-9 wp-block-columns are-vertically-aligned-top\">\n<div class=\"is-layout-flow wp-block-column is-vertically-aligned-top\">\n<ul class=\"a1_tick-list\">\n<li>Horaris, tr\u00e0ilers, comptes enrere, adquisicions, taulers de men\u00fas, estat de la comanda i molt m\u00e9s<\/li>\n\n\n\n<li>Personalitza el contingut perqu\u00e8 s&#039;adapti a qualsevol pantalla digital del teu cinema<\/li>\n<\/ul>\n<\/div>\n\n\n\n<div class=\"is-layout-flow wp-block-column is-vertically-aligned-top\">\n<ul class=\"a1_tick-list\">\n<li>Preu din\u00e0mic dels productes mitjan\u00e7ant la integraci\u00f3 amb A1 Stock<\/li>\n\n\n\n<li>La recuperaci\u00f3 autom\u00e0tica de contingut significa que no hi ha m\u00e9s actualitzacions manuals<\/li>\n<\/ul>\n<\/div>\n<\/div>\n<\/div>\n<\/div><\/div>\n\n\n\n<div id=\"wp-block-themeisle-blocks-advanced-columns-44fa43b9\" class=\"wp-block-themeisle-blocks-advanced-columns has-2-columns has-desktop-equal-layout has-tablet-oneTwo-layout has-mobile-collapsedRows-layout has-vertical-unset feature-block\"><div class=\"wp-block-themeisle-blocks-advanced-columns-overlay\"><\/div><div class=\"innerblocks-wrap\">\n<div id=\"wp-block-themeisle-blocks-advanced-column-55f282f4\" class=\"wp-block-themeisle-blocks-advanced-column\" data-aos=\"fade-right\" data-aos-duration=\"1200\"><div class=\"wp-block-image is-style-default\">\n<figure class=\"alignleft size-full\"><img decoding=\"async\" src=\"https:\/\/admit-one.co.uk\/wp-content\/uploads\/2023\/01\/products_lobby_usher-tools_result.webp\" alt=\"Eines Usher\" class=\"wp-image-12105\"\/><\/figure><\/div><\/div>\n\n\n\n<div id=\"wp-block-themeisle-blocks-advanced-column-01f29e66\" class=\"wp-block-themeisle-blocks-advanced-column\" data-aos=\"fade\" data-aos-duration=\"1200\">\n<h3 class=\"wp-block-heading\">Eines Usher<\/h3>\n\n\n\n<p>Oferiu un servei m\u00e9s r\u00e0pid i segur i mantingueu al dia els vostres acomodadors amb l&#039;aplicaci\u00f3 Usher A1 &#039;Scan and Go&#039;. Aquesta aplicaci\u00f3 basada en Android est\u00e0 disponible per utilitzar-la a la majoria de tel\u00e8fons i tauletes Android, el que significa que no esteu restringits als principals dispositius Datalogic\/Honeywell.<\/p>\n\n\n\n<div class=\"is-layout-flex wp-container-12 wp-block-columns are-vertically-aligned-top\">\n<div class=\"is-layout-flow wp-block-column is-vertically-aligned-top\">\n<ul class=\"a1_tick-list\">\n<li>Validaci\u00f3 del tiquet<\/li>\n\n\n\n<li>Sala d&#039;informaci\u00f3 i actuaci\u00f3<\/li>\n\n\n\n<li>Admet QR i codis de barres<\/li>\n<\/ul>\n<\/div>\n\n\n\n<div class=\"is-layout-flow wp-block-column is-vertically-aligned-top\">\n<ul class=\"a1_tick-list\">\n<li>Configuraci\u00f3 d&#039;Usher<\/li>\n\n\n\n<li>Genera fitxers de registre<\/li>\n\n\n\n<li>Instal\u00b7lacions d&#039;inici de sessi\u00f3\/sortida i perfils d&#039;usuari per a m\u00e9s seguretat<\/li>\n<\/ul>\n<\/div>\n<\/div>\n<\/div>\n<\/div><\/div>\n\n\n\n<div id=\"wp-block-themeisle-blocks-advanced-columns-3ecc4437\" class=\"wp-block-themeisle-blocks-advanced-columns has-2-columns has-desktop-equal-layout has-tablet-oneTwo-layout has-mobile-collapsedRows-layout has-vertical-unset feature-block\"><div class=\"wp-block-themeisle-blocks-advanced-columns-overlay\"><\/div><div class=\"innerblocks-wrap\">\n<div id=\"wp-block-themeisle-blocks-advanced-column-d81315e0\" class=\"wp-block-themeisle-blocks-advanced-column\" data-aos=\"fade-right\" data-aos-duration=\"1200\"><div class=\"wp-block-image is-style-default\">\n<figure class=\"alignleft size-full\"><img decoding=\"async\" loading=\"lazy\" width=\"600\" height=\"600\" src=\"https:\/\/admit-one.co.uk\/wp-content\/uploads\/2023\/01\/products_lobby_gates_result.webp\" alt=\"Portes\" class=\"wp-image-12247\" srcset=\"https:\/\/admit-one.eu\/wp-content\/uploads\/2023\/01\/products_lobby_gates_result.webp 600w, https:\/\/admit-one.eu\/wp-content\/uploads\/2023\/01\/products_lobby_gates_result-300x300.webp 300w, https:\/\/admit-one.eu\/wp-content\/uploads\/2023\/01\/products_lobby_gates_result-150x150.webp 150w, https:\/\/admit-one.eu\/wp-content\/uploads\/2023\/01\/products_lobby_gates_result-12x12.webp 12w, https:\/\/admit-one.eu\/wp-content\/uploads\/2023\/01\/products_lobby_gates_result-400x400.webp 400w\" sizes=\"(max-width: 600px) 100vw, 600px\" \/><\/figure><\/div><\/div>\n\n\n\n<div id=\"wp-block-themeisle-blocks-advanced-column-bb795422\" class=\"wp-block-themeisle-blocks-advanced-column\" data-aos=\"fade\" data-aos-duration=\"1200\">\n<h3 class=\"wp-block-heading\">Entrada automatitzada<\/h3>\n\n\n\n<p>La llibertat de controlar el flux de clients al voltant del vostre lloc, oferint una entrada r\u00e0pida i f\u00e0cil sense friccions alhora que redu\u00efu les despeses generals del vostre personal. Tant si voleu utilitzar les vostres portes existents amb el nostre programari integrat, com si voleu implementar una soluci\u00f3 de maquinari i programari d&#039;extrem a extrem, Admit One us t\u00e9 cobert.<strong>&nbsp;<\/strong><\/p>\n\n\n\n<div class=\"is-layout-flex wp-container-15 wp-block-columns are-vertically-aligned-top\">\n<div class=\"is-layout-flow wp-block-column is-vertically-aligned-top\">\n<ul class=\"a1_tick-list\">\n<li>Programari d&#039;automatitzaci\u00f3 per controlar i gestionar l&#039;acc\u00e9s, ja sigui amb finca existent o amb subministrament complet de maquinari<\/li>\n\n\n\n<li>Portes de carril simple o doble<\/li>\n\n\n\n<li>Disseny elegant i modern amb fa\u00e7ana de vidre&nbsp;&nbsp;<\/li>\n<\/ul>\n<\/div>\n\n\n\n<div class=\"is-layout-flow wp-block-column is-vertically-aligned-top\">\n<ul class=\"a1_tick-list\">\n<li>Llums LED codificades per colors per diferenciar els tipus de bitllets<\/li>\n\n\n\n<li>Assessorament de pl\u00e0nols arquitect\u00f2nics per maximitzar el flux&nbsp;<\/li>\n<\/ul>\n<\/div>\n<\/div>\n<\/div>\n<\/div><\/div>\n\n\n\n<div id=\"wp-block-themeisle-blocks-advanced-columns-01c14de9\" class=\"wp-block-themeisle-blocks-advanced-columns has-2-columns has-desktop-equal-layout has-tablet-collapsedRows-layout has-mobile-collapsedRows-layout has-vertical-unset call-to-action has-dark-bg\" data-aos=\"fade\" data-aos-duration=\"1200\"><div class=\"wp-block-themeisle-blocks-advanced-columns-overlay\"><\/div><div class=\"innerblocks-wrap\">\n<div id=\"wp-block-themeisle-blocks-advanced-column-aed9b021\" class=\"wp-block-themeisle-blocks-advanced-column\">\n<h2 class=\"wp-block-heading has-nv-site-bg-color has-text-color\">Est\u00e0s preparat per comen\u00e7ar amb Admit One?<\/h2>\n\n\n\n<p class=\"has-nv-site-bg-color has-text-color\">Comencem&nbsp;<i class=\"icon-forward\"><\/i><\/p>\n<\/div>\n\n\n\n<div id=\"wp-block-themeisle-blocks-advanced-column-01e8791e\" class=\"wp-block-themeisle-blocks-advanced-column column-right\">\n<h4 class=\"wp-block-heading has-neve-text-color-color has-text-color\">Ajuda&#039;ns a entendre les teves necessitats<\/h4>\n\n\n\n<p class=\"has-neve-text-color-color has-text-color\">Sabem que cada negoci \u00e9s diferent. Siguin quins siguin els vostres requisits \u00fanics, Admit One est\u00e0 aqu\u00ed per oferir-vos un sistema de TPV personalitzat que us funcioni a cada pas del cam\u00ed.<\/p>\n\n\n\n<ul class=\"a1_tick-list has-neve-text-color-color has-text-color\">\n<li>Flexible<\/li>\n\n\n\n<li>Assequible<\/li>\n\n\n\n<li>Escalable<\/li>\n<\/ul>\n\n\n\n<div id=\"wp-block-themeisle-blocks-button-group-5e1b0e52\" class=\"wp-block-themeisle-blocks-button-group wp-block-buttons\">\n<div id=\"wp-block-themeisle-blocks-button-bdaccee1\" class=\"wp-block-themeisle-blocks-button wp-block-button is-style-primary\"><a href=\"https:\/\/admit-one.eu\/ca\/posar-se-en-contacte\/\" target=\"_self\" rel=\"noopener noreferrer\" class=\"wp-block-button__link\"><span>Parlem<\/span><\/a><\/div>\n<\/div>\n<\/div>\n<\/div><\/div>","protected":false},"excerpt":{"rendered":"","protected":false},"author":1,"featured_media":0,"parent":14814,"menu_order":0,"comment_status":"closed","ping_status":"closed","template":"","meta":{"om_disable_all_campaigns":false,"_uag_custom_page_level_css":"","_mi_skip_tracking":false,"neve_meta_sidebar":"","neve_meta_container":"full-width","neve_meta_enable_content_width":"on","neve_meta_content_width":100,"neve_meta_title_alignment":"","neve_meta_author_avatar":"","neve_post_elements_order":"","neve_meta_disable_header":"","neve_meta_disable_footer":"","neve_meta_disable_title":"on","neve_meta_reading_time":"","_themeisle_gutenberg_block_has_review":false},"categories":[],"tags":[],"folder":[90],"aioseo_notices":[],"uagb_featured_image_src":{"full":false,"thumbnail":false,"medium":false,"medium_large":false,"large":false,"1536x1536":false,"2048x2048":false,"trp-custom-language-flag":false,"neve-blog":false,"xl":false,"xxl":false,"xxxl":false,"xxxxl":false,"xxxxxl":false},"uagb_author_info":{"display_name":"James Gibson","author_link":"https:\/\/admit-one.eu\/ca\/blog\/author\/james-gibson\/"},"uagb_comment_info":0,"uagb_excerpt":null,"_links":{"self":[{"href":"https:\/\/admit-one.eu\/ca\/wp-json\/wp\/v2\/pages\/11808"}],"collection":[{"href":"https:\/\/admit-one.eu\/ca\/wp-json\/wp\/v2\/pages"}],"about":[{"href":"https:\/\/admit-one.eu\/ca\/wp-json\/wp\/v2\/types\/page"}],"author":[{"embeddable":true,"href":"https:\/\/admit-one.eu\/ca\/wp-json\/wp\/v2\/users\/1"}],"replies":[{"embeddable":true,"href":"https:\/\/admit-one.eu\/ca\/wp-json\/wp\/v2\/comments?post=11808"}],"version-history":[{"count":10,"href":"https:\/\/admit-one.eu\/ca\/wp-json\/wp\/v2\/pages\/11808\/revisions"}],"predecessor-version":[{"id":15729,"href":"https:\/\/admit-one.eu\/ca\/wp-json\/wp\/v2\/pages\/11808\/revisions\/15729"}],"up":[{"embeddable":true,"href":"https:\/\/admit-one.eu\/ca\/wp-json\/wp\/v2\/pages\/14814"}],"wp:attachment":[{"href":"https:\/\/admit-one.eu\/ca\/wp-json\/wp\/v2\/media?parent=11808"}],"wp:term":[{"taxonomy":"category","embeddable":true,"href":"https:\/\/admit-one.eu\/ca\/wp-json\/wp\/v2\/categories?post=11808"},{"taxonomy":"post_tag","embeddable":true,"href":"https:\/\/admit-one.eu\/ca\/wp-json\/wp\/v2\/tags?post=11808"},{"taxonomy":"folder","embeddable":true,"href":"https:\/\/admit-one.eu\/ca\/wp-json\/wp\/v2\/folder?post=11808"}],"curies":[{"name":"wp","href":"https:\/\/api.w.org\/{rel}","templated":true}]}}